{"id":6,"date":"2023-11-04T12:56:11","date_gmt":"2023-11-04T15:56:11","guid":{"rendered":"https:\/\/cimeq.com.ar\/?page_id=6"},"modified":"2026-01-09T16:03:52","modified_gmt":"2026-01-09T19:03:52","slug":"cimeq","status":"publish","type":"page","link":"https:\/\/cimeq.com.ar\/","title":{"rendered":"CIMEQ"},"content":{"rendered":"<p>[et_pb_section fb_built=&#8221;1&#8243; custom_padding_last_edited=&#8221;on|tablet&#8221; _builder_version=&#8221;4.23&#8243; _module_preset=&#8221;default&#8221; background_color=&#8221;gcid-f1c5e9ca-2adc-4969-81a1-104e22304f89&#8243; use_background_color_gradient=&#8221;on&#8221; background_color_gradient_direction=&#8221;94deg&#8221; background_color_gradient_stops=&#8221;rgba(86,86,86,0.71) 24%|rgba(255,255,255,0) 48%&#8221; background_color_gradient_overlays_image=&#8221;on&#8221; background_image=&#8221;http:\/\/cimeq.com.ar\/wp-content\/uploads\/2024\/12\/IMG_8868.heic&#8221; custom_padding=&#8221;91px||93px|||&#8221; custom_padding_tablet=&#8221;134px||181px|||&#8221; custom_padding_phone=&#8221;82px||0px||false|false&#8221; hover_enabled=&#8221;0&#8243; background_last_edited=&#8221;on|phone&#8221; use_background_color_gradient_tablet=&#8221;on&#8221; use_background_color_gradient_phone=&#8221;off&#8221; background_color_gradient_direction_tablet=&#8221;178deg&#8221; background_color_gradient_stops_tablet=&#8221;rgba(86,86,86,0.71) 30%|rgba(255,255,255,0) 59%&#8221; background_color_gradient_overlays_image_phone=&#8221;on&#8221; background_enable_image_phone=&#8221;off&#8221; parallax_tablet=&#8221;off&#8221; background_size_tablet=&#8221;cover&#8221; background_position_phone=&#8221;center&#8221; background_horizontal_offset_phone=&#8221;48%&#8221; global_colors_info=&#8221;{%22gcid-f1c5e9ca-2adc-4969-81a1-104e22304f89%22:%91%22background_color%22%93}&#8221; title_text=&#8221;IMG_8872&#8243; sticky_enabled=&#8221;0&#8243;][et_pb_row column_structure=&#8221;2_5,3_5&#8243; custom_padding_last_edited=&#8221;on|tablet&#8221; _builder_version=&#8221;4.23&#8243; _module_preset=&#8221;default&#8221; width=&#8221;77%&#8221; module_alignment=&#8221;center&#8221; custom_margin=&#8221;0px|auto|0px|auto|false|false&#8221; custom_padding=&#8221;0px||||false|false&#8221; custom_padding_tablet=&#8221;0px||||false|false&#8221; custom_padding_phone=&#8221;0px||||false|false&#8221; global_colors_info=&#8221;{}&#8221;][et_pb_column type=&#8221;2_5&#8243; _builder_version=&#8221;4.23&#8243; _module_preset=&#8221;default&#8221; global_colors_info=&#8221;{}&#8221;][et_pb_text content_tablet=&#8221;<\/p>\n<p>Centro Integral M\u00e9dico Quir\u00fargico<\/p>\n<p>&#8221; content_phone=&#8221;<\/p>\n<p>Centro Integral M\u00e9dico Quir\u00fargico<\/p>\n<p>&#8221; content_last_edited=&#8221;on|tablet&#8221; _builder_version=&#8221;4.23&#8243; _module_preset=&#8221;default&#8221; text_font=&#8221;DM Serif Display|700|||||||&#8221; text_text_color=&#8221;#FFFFFF&#8221; text_font_size=&#8221;56px&#8221; text_line_height=&#8221;1.2em&#8221; header_font_size=&#8221;2px&#8221; custom_margin=&#8221;0px||||false|false&#8221; custom_padding_tablet=&#8221;0px||||false|false&#8221; custom_padding_phone=&#8221;|||19px|false|false&#8221; custom_padding_last_edited=&#8221;on|phone&#8221; hover_enabled=&#8221;0&#8243; text_text_color_tablet=&#8221;&#8221; text_text_color_phone=&#8221;#5e5e5e&#8221; text_text_color_last_edited=&#8221;on|tablet&#8221; global_colors_info=&#8221;{}&#8221; sticky_enabled=&#8221;0&#8243;]<\/p>\n<p>Centro<br \/>Integral<br \/>M\u00e9dico<br \/>Quir\u00fargico<\/p>\n<p>[\/et_pb_text][\/et_pb_column][et_pb_column type=&#8221;3_5&#8243; _builder_version=&#8221;4.23&#8243; _module_preset=&#8221;default&#8221; global_colors_info=&#8221;{}&#8221;][\/et_pb_column][\/et_pb_row][\/et_pb_section][et_pb_section fb_built=&#8221;1&#8243; custom_padding_last_edited=&#8221;on|phone&#8221; _builder_version=&#8221;4.23&#8243; _module_preset=&#8221;default&#8221; background_color=&#8221;#FFFFFF&#8221; custom_padding=&#8221;104px||112px|||&#8221; custom_padding_tablet=&#8221;104px||112px|||&#8221; custom_padding_phone=&#8221;14px||74px||false|false&#8221; global_colors_info=&#8221;{}&#8221;][et_pb_row _builder_version=&#8221;4.23&#8243; _module_preset=&#8221;default&#8221; custom_padding=&#8221;21px|||||&#8221; global_colors_info=&#8221;{}&#8221;][et_pb_column type=&#8221;4_4&#8243; _builder_version=&#8221;4.23&#8243; _module_preset=&#8221;default&#8221; global_colors_info=&#8221;{}&#8221;][et_pb_text _builder_version=&#8221;4.23&#8243; _module_preset=&#8221;default&#8221; text_font=&#8221;DM Serif Display|700|||||||&#8221; text_text_color=&#8221;gcid-a693019c-e9a9-4847-8dc2-52ced2896ca3&#8243; text_font_size=&#8221;78px&#8221; text_line_height=&#8221;1.2em&#8221; header_font_size=&#8221;2px&#8221; custom_margin=&#8221;0px|||||&#8221; custom_padding=&#8221;0px|||||&#8221; global_colors_info=&#8221;{%22gcid-a693019c-e9a9-4847-8dc2-52ced2896ca3%22:%91%22text_text_color%22%93}&#8221;]<\/p>\n<p>Somos<\/p>\n<p>[\/et_pb_text][et_pb_text _builder_version=&#8221;4.23&#8243; _module_preset=&#8221;default&#8221; text_font=&#8221;Montserrat||||||||&#8221; text_text_color=&#8221;gcid-a693019c-e9a9-4847-8dc2-52ced2896ca3&#8243; text_font_size=&#8221;21px&#8221; text_line_height=&#8221;1.4em&#8221; header_font_size=&#8221;20px&#8221; global_colors_info=&#8221;{%22gcid-a693019c-e9a9-4847-8dc2-52ced2896ca3%22:%91%22text_text_color%22%93}&#8221;]<\/p>\n<div><span lang=\"IT\">Un centro m<\/span><span lang=\"FR\">\u00e9<\/span><span lang=\"EN-US\">dico quir\u00fargico ambulatorio de excelencia donde se realizan pr\u00e1cticas endosc\u00f3picas y test de aire espirado <span style=\"font-size: 21px;\">con equipamiento de vanguardia<\/span>.<br \/>Contamos adem\u00e1s con consultorios que ofrecen variadas especialidades m<\/span><span style=\"font-size: 21px;\">\u00e9<\/span><span style=\"font-size: 21px;\">dicas.<\/span><\/div>\n<div><\/div>\n<p>[\/et_pb_text][et_pb_text _builder_version=&#8221;4.23&#8243; _module_preset=&#8221;default&#8221; text_font=&#8221;DM Serif Display|700|||||||&#8221; text_text_color=&#8221;gcid-a693019c-e9a9-4847-8dc2-52ced2896ca3&#8243; text_font_size=&#8221;78px&#8221; text_line_height=&#8221;1.2em&#8221; header_font_size=&#8221;2px&#8221; custom_margin=&#8221;0px|||||&#8221; custom_padding=&#8221;0px|||||&#8221; hover_enabled=&#8221;0&#8243; global_colors_info=&#8221;{%22gcid-a693019c-e9a9-4847-8dc2-52ced2896ca3%22:%91%22text_text_color%22%93}&#8221; text_font_size_last_edited=&#8221;on|phone&#8221; text_font_size_phone=&#8221;60px&#8221; sticky_enabled=&#8221;0&#8243; text_font_size_tablet=&#8221;78px&#8221;]<\/p>\n<p>Hacemos<\/p>\n<p>[\/et_pb_text][et_pb_text _builder_version=&#8221;4.23&#8243; _module_preset=&#8221;default&#8221; text_font=&#8221;Montserrat|700|||||||&#8221; text_text_color=&#8221;#8a838f&#8221; text_font_size=&#8221;20px&#8221; text_line_height=&#8221;1.8em&#8221; hover_enabled=&#8221;0&#8243; global_colors_info=&#8221;{}&#8221; sticky_enabled=&#8221;0&#8243;]<\/p>\n<p>. Endoscop\u00edas<br \/>. Colonoscop\u00edas<br \/>. C\u00e1psula Endosc\u00f3pica<br \/>. Ecoendoscop\u00eda<br \/>. Enteroscop\u00eda<br \/>. Test de aire espirado con Hidr\u00f3geno y Metano (SIBO e IMO)<\/p>\n<p>[\/et_pb_text][\/et_pb_column][\/et_pb_row][\/et_pb_section][et_pb_section fb_built=&#8221;1&#8243; _builder_version=&#8221;4.23&#8243; _module_preset=&#8221;default&#8221; background_color=&#8221;gcid-f1c5e9ca-2adc-4969-81a1-104e22304f89&#8243; custom_margin=&#8221;-1px|||||&#8221; global_colors_info=&#8221;{%22gcid-f1c5e9ca-2adc-4969-81a1-104e22304f89%22:%91%22background_color%22%93}&#8221;][et_pb_row column_structure=&#8221;2_5,3_5&#8243; module_id=&#8221;especialidades&#8221; _builder_version=&#8221;4.23&#8243; _module_preset=&#8221;default&#8221; custom_padding=&#8221;21px|||||&#8221; global_colors_info=&#8221;{}&#8221;][et_pb_column type=&#8221;2_5&#8243; _builder_version=&#8221;4.23&#8243; _module_preset=&#8221;default&#8221; global_colors_info=&#8221;{}&#8221;][et_pb_text _builder_version=&#8221;4.23&#8243; _module_preset=&#8221;default&#8221; text_font=&#8221;DM Serif Display|700|||||||&#8221; text_text_color=&#8221;gcid-37aad302-0def-4995-b8a5-1df5eca57666&#8243; text_font_size=&#8221;53px&#8221; text_line_height=&#8221;1.2em&#8221; header_font_size=&#8221;2px&#8221; custom_margin=&#8221;0px|||||&#8221; custom_padding=&#8221;0px|||||&#8221; hover_enabled=&#8221;0&#8243; global_colors_info=&#8221;{%22gcid-37aad302-0def-4995-b8a5-1df5eca57666%22:%91%22text_text_color%22%93}&#8221; text_font_size_last_edited=&#8221;on|phone&#8221; text_font_size_phone=&#8221;43px&#8221; sticky_enabled=&#8221;0&#8243; text_font_size_tablet=&#8221;53px&#8221;]<\/p>\n<p>Especialidades m\u00e9dicas<\/p>\n<p>[\/et_pb_text][et_pb_text _builder_version=&#8221;4.23&#8243; _module_preset=&#8221;default&#8221; text_font=&#8221;Montserrat||||||||&#8221; text_text_color=&#8221;gcid-37aad302-0def-4995-b8a5-1df5eca57666&#8243; text_font_size=&#8221;21px&#8221; text_line_height=&#8221;1.4em&#8221; header_font_size=&#8221;20px&#8221; global_colors_info=&#8221;{%22gcid-37aad302-0def-4995-b8a5-1df5eca57666%22:%91%22text_text_color%22%93}&#8221;]<\/p>\n<p>Profesionales del m\u00e1s alto nivel que nos eligen y atienden en nuestro centro.<\/p>\n<p>[\/et_pb_text][et_pb_button button_url=&#8221;https:\/\/agenda.cimeq.com.ar\/#!Turn\/IndicatePatient&#8221; url_new_window=&#8221;on&#8221; button_text=&#8221;Turno online para consultas m\u00e9dicas *&#8221; module_id=&#8221;turno_online&#8221; _builder_version=&#8221;4.23&#8243; _module_preset=&#8221;default&#8221; custom_button=&#8221;on&#8221; button_text_size=&#8221;17px&#8221; button_text_color=&#8221;#FFFFFF&#8221; button_bg_color=&#8221;#c15a00&#8243; button_border_color=&#8221;RGBA(255,255,255,0)&#8221; button_border_radius=&#8221;9px&#8221; button_font=&#8221;|700|||||||&#8221; box_shadow_style=&#8221;preset3&#8243; global_colors_info=&#8221;{}&#8221;][\/et_pb_button][et_pb_text _builder_version=&#8221;4.23&#8243; _module_preset=&#8221;default&#8221; text_text_color=&#8221;#000000&#8243; global_colors_info=&#8221;{}&#8221;]<\/p>\n<p><strong>* Las especialidades m\u00e9dicas que no figuren en el sistema requieren la solicitud de turno por WhatsApp al 11-6188-5127 \u00f3 por llamada telef\u00f3nica al 4292-0087 \/ 11-6188-5127<\/strong><\/p>\n<p>[\/et_pb_text][et_pb_button button_url=&#8221;http:\/\/wa.me\/1161885127&#8243; url_new_window=&#8221;on&#8221; button_text=&#8221;Solicitar turno para consultas m\u00e9dicas IOMA &#8211; PAMI &#8211; PARTICULAR&#8221; _builder_version=&#8221;4.23&#8243; _module_preset=&#8221;default&#8221; custom_button=&#8221;on&#8221; button_text_size=&#8221;17px&#8221; button_text_color=&#8221;#FFFFFF&#8221; button_bg_color=&#8221;gcid-878aae1a-35de-49a8-8601-390bd243960f&#8221; button_border_color=&#8221;RGBA(255,255,255,0)&#8221; button_border_radius=&#8221;9px&#8221; button_font=&#8221;|700|||||||&#8221; box_shadow_style=&#8221;preset3&#8243; global_colors_info=&#8221;{%22gcid-878aae1a-35de-49a8-8601-390bd243960f%22:%91%22button_bg_color%22%93}&#8221;][\/et_pb_button][et_pb_button button_url=&#8221;http:\/\/wa.me\/1161885127&#8243; url_new_window=&#8221;on&#8221; button_text=&#8221;Turnos por WhatsApp para pr\u00e1cticas&#8221; _builder_version=&#8221;4.23&#8243; _module_preset=&#8221;default&#8221; custom_button=&#8221;on&#8221; button_text_size=&#8221;17px&#8221; button_text_color=&#8221;#FFFFFF&#8221; button_bg_color=&#8221;gcid-878aae1a-35de-49a8-8601-390bd243960f&#8221; button_border_color=&#8221;RGBA(255,255,255,0)&#8221; button_border_radius=&#8221;7px&#8221; button_font=&#8221;|700|||||||&#8221; box_shadow_style=&#8221;preset3&#8243; global_colors_info=&#8221;{%22gcid-878aae1a-35de-49a8-8601-390bd243960f%22:%91%22button_bg_color%22%93}&#8221;][\/et_pb_button][\/et_pb_column][et_pb_column type=&#8221;3_5&#8243; _builder_version=&#8221;4.23&#8243; _module_preset=&#8221;default&#8221; global_colors_info=&#8221;{}&#8221;][et_pb_text _builder_version=&#8221;4.23&#8243; _module_preset=&#8221;default&#8221; text_font=&#8221;Montserrat||||||||&#8221; text_text_color=&#8221;gcid-37aad302-0def-4995-b8a5-1df5eca57666&#8243; text_font_size=&#8221;21px&#8221; text_line_height=&#8221;1.4em&#8221; header_font_size=&#8221;20px&#8221; custom_margin=&#8221;|||140px||&#8221; custom_margin_tablet=&#8221;|||0px|false|false&#8221; custom_margin_phone=&#8221;|||0px|false|false&#8221; custom_margin_last_edited=&#8221;on|tablet&#8221; hover_enabled=&#8221;0&#8243; global_colors_info=&#8221;{%22gcid-37aad302-0def-4995-b8a5-1df5eca57666%22:%91%22text_text_color%22%93}&#8221; sticky_enabled=&#8221;0&#8243;]<\/p>\n<p>&#8211; Algolog\u00eda o Medicina del dolor<br \/>&#8211; Cardiolog\u00eda<br \/>&#8211; Cirug\u00eda Bari\u00e1trica<br \/>&#8211; Cirug\u00eda General<br \/>&#8211; Cirug\u00eda Pl\u00e1stica y Reparadora<br \/>&#8211; Cl\u00ednica M\u00e9dica<br \/>&#8211; Dermatolog\u00eda<br \/>&#8211; Dermatolog\u00eda Pedi\u00e1trica<br \/>&#8211; Diabetolog\u00eda<br \/>&#8211; Endocrinolog\u00eda<br \/>&#8211; Endocrinolog\u00eda Pedi\u00e1trica<br \/>&#8211; Fonoaudiolog\u00eda<br \/>&#8211; Gastroenterolog\u00eda<br \/>&#8211; Gastroenterolog\u00eda Pedi\u00e1trica<br \/>&#8211; Ginecolog\u00eda<br \/>&#8211; Hematolog\u00eda<br \/>&#8211; Infectolog\u00eda<br \/>&#8211; Nefrolog\u00eda<br \/>&#8211; Neurolog\u00eda<br \/>&#8211; Neurologia Pedi\u00e1trica<br \/>&#8211; Nutrici\u00f3n<br \/>&#8211; Oncolog\u00eda<br \/>&#8211; Otorrinolaringolog\u00eda<br \/>&#8211; Proctolog\u00eda<br \/>&#8211; Reumatolog\u00eda<br \/>&#8211; Traumatolog\u00eda<br \/>&#8211; Urolog\u00eda<\/p>\n<p>[\/et_pb_text][\/et_pb_column][\/et_pb_row][\/et_pb_section][et_pb_section fb_built=&#8221;1&#8243; _builder_version=&#8221;4.23&#8243; _module_preset=&#8221;default&#8221; global_colors_info=&#8221;{}&#8221;][et_pb_row use_custom_gutter=&#8221;on&#8221; gutter_width=&#8221;1&#8243; make_equal=&#8221;on&#8221; _builder_version=&#8221;4.23&#8243; _module_preset=&#8221;default&#8221; width=&#8221;100%&#8221; global_colors_info=&#8221;{}&#8221;][et_pb_column type=&#8221;4_4&#8243; _builder_version=&#8221;4.23&#8243; _module_preset=&#8221;default&#8221; global_colors_info=&#8221;{}&#8221;][et_pb_gallery gallery_ids=&#8221;85,86,96&#8243; gallery_orderby=&#8221;rand&#8221; fullwidth=&#8221;on&#8221; _builder_version=&#8221;4.23&#8243; _module_preset=&#8221;default&#8221; global_colors_info=&#8221;{}&#8221;][\/et_pb_gallery][\/et_pb_column][\/et_pb_row][\/et_pb_section]<\/p>\n","protected":false},"excerpt":{"rendered":"<p>CentroIntegralM\u00e9dicoQuir\u00fargicoSomosUn centro m\u00e9dico quir\u00fargico ambulatorio de excelencia donde se realizan pr\u00e1cticas endosc\u00f3picas y test de aire espirado con equipamiento de vanguardia.Contamos adem\u00e1s con consultorios que ofrecen variadas especialidades m\u00e9dicas. Hacemos. Endoscop\u00edas. Colonoscop\u00edas. C\u00e1psula Endosc\u00f3pica. Ecoendoscop\u00eda. Enteroscop\u00eda. Test de aire espirado con Hidr\u00f3geno y Metano (SIBO e IMO)Especialidades m\u00e9dicasProfesionales del m\u00e1s alto nivel que nos eligen [&hellip;]<\/p>\n","protected":false},"author":1,"featured_media":0,"parent":0,"menu_order":0,"comment_status":"closed","ping_status":"closed","template":"","meta":{"_et_pb_use_builder":"on","_et_pb_old_content":"","_et_gb_content_width":"","_monsterinsights_skip_tracking":false,"_monsterinsights_sitenote_active":false,"_monsterinsights_sitenote_note":"","_monsterinsights_sitenote_category":0,"footnotes":""},"class_list":["post-6","page","type-page","status-publish","hentry"],"aioseo_notices":[],"_links":{"self":[{"href":"https:\/\/cimeq.com.ar\/index.php?rest_route=\/wp\/v2\/pages\/6","targetHints":{"allow":["GET"]}}],"collection":[{"href":"https:\/\/cimeq.com.ar\/index.php?rest_route=\/wp\/v2\/pages"}],"about":[{"href":"https:\/\/cimeq.com.ar\/index.php?rest_route=\/wp\/v2\/types\/page"}],"author":[{"embeddable":true,"href":"https:\/\/cimeq.com.ar\/index.php?rest_route=\/wp\/v2\/users\/1"}],"replies":[{"embeddable":true,"href":"https:\/\/cimeq.com.ar\/index.php?rest_route=%2Fwp%2Fv2%2Fcomments&post=6"}],"version-history":[{"count":32,"href":"https:\/\/cimeq.com.ar\/index.php?rest_route=\/wp\/v2\/pages\/6\/revisions"}],"predecessor-version":[{"id":115,"href":"https:\/\/cimeq.com.ar\/index.php?rest_route=\/wp\/v2\/pages\/6\/revisions\/115"}],"wp:attachment":[{"href":"https:\/\/cimeq.com.ar\/index.php?rest_route=%2Fwp%2Fv2%2Fmedia&parent=6"}],"curies":[{"name":"wp","href":"https:\/\/api.w.org\/{rel}","templated":true}]}}